{"id":2009,"date":"2026-03-16T13:52:53","date_gmt":"2026-03-16T13:52:53","guid":{"rendered":"https:\/\/mrt-sa.ch\/?page_id=2009"},"modified":"2026-03-16T13:58:49","modified_gmt":"2026-03-16T13:58:49","slug":"legal-information","status":"publish","type":"page","link":"https:\/\/mrt-sa.ch\/fr\/legal-information\/","title":{"rendered":"Informations l\u00e9gales"},"content":{"rendered":"<div data-elementor-type=\"wp-page\" data-elementor-id=\"2009\" class=\"elementor elementor-2009\" data-elementor-post-type=\"page\">\n\t\t\t\t<div class=\"elementor-element elementor-element-4c0b57b5 e-flex e-con-boxed e-con e-parent\" data-id=\"4c0b57b5\" data-element_type=\"container\" data-e-type=\"container\">\n\t\t\t\t\t<div class=\"e-con-inner\">\n\t\t\t\t<div class=\"elementor-element elementor-element-ec05ecd elementor-widget elementor-widget-heading\" data-id=\"ec05ecd\" data-element_type=\"widget\" data-e-type=\"widget\" data-widget_type=\"heading.default\">\n\t\t\t\t\t<h1 class=\"elementor-heading-title elementor-size-default\">Informations l\u00e9gales <\/h1>\t\t\t\t<\/div>\n\t\t\t\t<div class=\"elementor-element elementor-element-05461a0 elementor-widget elementor-widget-heading\" data-id=\"05461a0\" data-element_type=\"widget\" data-e-type=\"widget\" data-widget_type=\"heading.default\">\n\t\t\t\t\t<h1 class=\"elementor-heading-title elementor-size-default\">Initiateur et exploitant : <\/h1>\t\t\t\t<\/div>\n\t\t\t\t<div class=\"elementor-element elementor-element-67fd2d47 m-0 elementor-widget elementor-widget-text-editor\" data-id=\"67fd2d47\" data-element_type=\"widget\" data-e-type=\"widget\" data-widget_type=\"text-editor.default\">\n\t\t\t\t\t\t\t\t\t<p>Michelin Recherche et Technique SA<br \/>30 Route Andr\u00e9-Piller<br \/>1762 Givisiez \u2013 Suisse<\/p><p><span class=\"TextRun SCXW159278560 BCX8\" lang=\"FR-CH\" xml:lang=\"FR-CH\" data-contrast=\"auto\"><span class=\"NormalTextRun SCXW159278560 BCX8\">Copyright \u00a9 Michelin\u202f<\/span><\/span><span class=\"EOP SCXW159278560 BCX8\" data-ccp-props=\"{}\">\u00a0<\/span><\/p>\t\t\t\t\t\t\t\t<\/div>\n\t\t\t\t<div class=\"elementor-element elementor-element-661a9a9 m-0 elementor-widget elementor-widget-text-editor\" data-id=\"661a9a9\" data-element_type=\"widget\" data-e-type=\"widget\" data-widget_type=\"text-editor.default\">\n\t\t\t\t\t\t\t\t\t<p><em>Michelin Recherche et Technique SA collecte et traite des donn\u00e9es \u00e0 caract\u00e8re personnel afin de r\u00e9pondre \u00e0 vos questions via ce chat. Les donn\u00e9es ainsi collect\u00e9es et trait\u00e9es seront conserv\u00e9es pendant six mois. Cette disposition ne s'applique pas aux donn\u00e9es conserv\u00e9es \u00e0 titre de preuve conform\u00e9ment aux d\u00e9lais de conservation l\u00e9gaux. <\/em><br \/><em>L'acc\u00e8s \u00e0 ces donn\u00e9es est r\u00e9serv\u00e9 aux employ\u00e9s de mRT et\/ou aux prestataires de services mandat\u00e9s par mRT. Aucun transfert vers un pays tiers n'est effectu\u00e9. Vous disposez d'un droit d'acc\u00e8s, de rectification, d'opposition, de limitation du traitement et d'effacement des donn\u00e9es vous concernant, et vous pouvez demander la portabilit\u00e9 de vos donn\u00e9es. <\/em><br \/><em>Si vous souhaitez exercer ces droits et obtenir des informations sur les donn\u00e9es vous concernant, veuillez <a href=\"https:\/\/mrt-sa.ch\/fr\/contact\/\"><a href=\"https:\/\/mrt-sa.ch\/fr\/contact\/\">nous contacter<\/a><\/a>.<\/em><\/p>\t\t\t\t\t\t\t\t<\/div>\n\t\t\t\t\t<\/div>\n\t\t\t\t<\/div>\n\t\t\t\t<\/div>","protected":false},"excerpt":{"rendered":"<p>Legal Information Initiator and operator: Michelin Recherche et Technique SA30 Route Andr\u00e9-Piller1762 Givisiez &#8211; Switzerland Copyright \u00a9 Michelin\u202f\u00a0 Michelin Recherche et Technique SA collects and processes personal data in order to answer your questions via this chat. The data collected and processed here will be retained for six months. This does not apply to data [&hellip;]<\/p>\n","protected":false},"author":1,"featured_media":0,"parent":0,"menu_order":0,"comment_status":"closed","ping_status":"closed","template":"elementor_header_footer","meta":{"_acf_changed":false,"footnotes":""},"class_list":["post-2009","page","type-page","status-publish","hentry"],"acf":[],"_links":{"self":[{"href":"https:\/\/mrt-sa.ch\/fr\/wp-json\/wp\/v2\/pages\/2009","targetHints":{"allow":["GET"]}}],"collection":[{"href":"https:\/\/mrt-sa.ch\/fr\/wp-json\/wp\/v2\/pages"}],"about":[{"href":"https:\/\/mrt-sa.ch\/fr\/wp-json\/wp\/v2\/types\/page"}],"author":[{"embeddable":true,"href":"https:\/\/mrt-sa.ch\/fr\/wp-json\/wp\/v2\/users\/1"}],"replies":[{"embeddable":true,"href":"https:\/\/mrt-sa.ch\/fr\/wp-json\/wp\/v2\/comments?post=2009"}],"version-history":[{"count":8,"href":"https:\/\/mrt-sa.ch\/fr\/wp-json\/wp\/v2\/pages\/2009\/revisions"}],"predecessor-version":[{"id":2077,"href":"https:\/\/mrt-sa.ch\/fr\/wp-json\/wp\/v2\/pages\/2009\/revisions\/2077"}],"wp:attachment":[{"href":"https:\/\/mrt-sa.ch\/fr\/wp-json\/wp\/v2\/media?parent=2009"}],"curies":[{"name":"wp","href":"https:\/\/api.w.org\/{rel}","templated":true}]}}