{"id":1975,"date":"2026-03-16T13:20:34","date_gmt":"2026-03-16T13:20:34","guid":{"rendered":"https:\/\/mrt-sa.ch\/?page_id=1975"},"modified":"2026-03-16T13:36:57","modified_gmt":"2026-03-16T13:36:57","slug":"cookies-policy","status":"publish","type":"page","link":"https:\/\/mrt-sa.ch\/fr\/cookies-policy\/","title":{"rendered":"Politique des cookies"},"content":{"rendered":"<div data-elementor-type=\"wp-page\" data-elementor-id=\"1975\" class=\"elementor elementor-1975\" data-elementor-post-type=\"page\">\n\t\t\t\t<div class=\"elementor-element elementor-element-4c0b57b5 e-flex e-con-boxed e-con e-parent\" data-id=\"4c0b57b5\" data-element_type=\"container\" data-e-type=\"container\">\n\t\t\t\t\t<div class=\"e-con-inner\">\n\t\t\t\t<div class=\"elementor-element elementor-element-ec05ecd elementor-widget elementor-widget-heading\" data-id=\"ec05ecd\" data-element_type=\"widget\" data-e-type=\"widget\" data-widget_type=\"heading.default\">\n\t\t\t\t\t<h1 class=\"elementor-heading-title elementor-size-default\">Politique des cookies<\/h1>\t\t\t\t<\/div>\n\t\t\t\t<div class=\"elementor-element elementor-element-05461a0 elementor-widget elementor-widget-heading\" data-id=\"05461a0\" data-element_type=\"widget\" data-e-type=\"widget\" data-widget_type=\"heading.default\">\n\t\t\t\t\t<h1 class=\"elementor-heading-title elementor-size-default\">Aper\u00e7u<\/h1>\t\t\t\t<\/div>\n\t\t\t\t<div class=\"elementor-element elementor-element-67fd2d47 m-0 elementor-widget elementor-widget-text-editor\" data-id=\"67fd2d47\" data-element_type=\"widget\" data-e-type=\"widget\" data-widget_type=\"text-editor.default\">\n\t\t\t\t\t\t\t\t\t<p>Michelin Recherche et Technique SA (mRT) s'engage \u00e0 prot\u00e9ger vos donn\u00e9es personnelles et \u00e0 faire preuve de clart\u00e9 et de transparence quant au type d'informations que nous collectons et \u00e0 la mani\u00e8re dont nous les utilisons. Lorsque vous utilisez notre site web ou les applications fournies par mRT, des informations peuvent \u00eatre collect\u00e9es par le biais de cookies afin de vous distinguer des autres utilisateurs de notre site web ou de nos applications.\u202f<\/p><p>La pr\u00e9sente politique en mati\u00e8re de cookies d\u00e9crit les finalit\u00e9s pour lesquelles nous et nos partenaires utilisons des cookies et des technologies similaires, ainsi que la mani\u00e8re dont vous pouvez g\u00e9rer vos pr\u00e9f\u00e9rences en mati\u00e8re de cookies.<\/p>\t\t\t\t\t\t\t\t<\/div>\n\t\t\t\t<div class=\"elementor-element elementor-element-4525053 elementor-widget elementor-widget-heading\" data-id=\"4525053\" data-element_type=\"widget\" data-e-type=\"widget\" data-widget_type=\"heading.default\">\n\t\t\t\t\t<h2 class=\"elementor-heading-title elementor-size-default\">1. Qui sommes-nous et comment nous contacter <\/h2>\t\t\t\t<\/div>\n\t\t\t\t<div class=\"elementor-element elementor-element-661a9a9 m-0 elementor-widget elementor-widget-text-editor\" data-id=\"661a9a9\" data-element_type=\"widget\" data-e-type=\"widget\" data-widget_type=\"text-editor.default\">\n\t\t\t\t\t\t\t\t\t<p>La d\u00e9nomination compl\u00e8te de notre soci\u00e9t\u00e9 est Michelin Recherche et Technique SA (mRT) et, lorsque vous utilisez directement notre site web et nos services, nous agissons en tant que responsable du traitement des donn\u00e9es.<\/p><p>Vous pouvez nous contacter via le formulaire de contact disponible sur notre site web : <a href=\"https:\/\/www.mrt-sa.ch\/fr\/contact\">https:\/\/www.mrt-sa.ch\/fr\/contact<\/a><\/p>\t\t\t\t\t\t\t\t<\/div>\n\t\t\t\t<div class=\"elementor-element elementor-element-6f349eb elementor-widget elementor-widget-heading\" data-id=\"6f349eb\" data-element_type=\"widget\" data-e-type=\"widget\" data-widget_type=\"heading.default\">\n\t\t\t\t\t<h2 class=\"elementor-heading-title elementor-size-default\">2.\u202f\u202f \u202fEn ce qui concerne la protection des donn\u00e9es <\/h2>\t\t\t\t<\/div>\n\t\t\t\t<div class=\"elementor-element elementor-element-633781e m-0 elementor-widget elementor-widget-text-editor\" data-id=\"633781e\" data-element_type=\"widget\" data-e-type=\"widget\" data-widget_type=\"text-editor.default\">\n\t\t\t\t\t\t\t\t\t<p>Bien que l'ensemble du personnel de mRT s'engage \u00e0 prot\u00e9ger et \u00e0 respecter votre vie priv\u00e9e, vous pouvez nous contacter en utilisant les coordonn\u00e9es indiqu\u00e9es ci-dessus (voir section 1).\u202f<\/p>\t\t\t\t\t\t\t\t<\/div>\n\t\t\t\t<div class=\"elementor-element elementor-element-b707113 elementor-widget elementor-widget-heading\" data-id=\"b707113\" data-element_type=\"widget\" data-e-type=\"widget\" data-widget_type=\"heading.default\">\n\t\t\t\t\t<h2 class=\"elementor-heading-title elementor-size-default\">3.\u202f\u202f\u202fQu'est-ce qu'un cookie ? <\/h2>\t\t\t\t<\/div>\n\t\t\t\t<div class=\"elementor-element elementor-element-05f48b9 m-0 elementor-widget elementor-widget-text-editor\" data-id=\"05f48b9\" data-element_type=\"widget\" data-e-type=\"widget\" data-widget_type=\"text-editor.default\">\n\t\t\t\t\t\t\t\t\t<p>Un cookie est un fichier texte ou un \u00e9l\u00e9ment logiciel qui stocke des informations relatives \u00e0 l'activit\u00e9 de navigation de votre appareil sur Internet. Il est g\u00e9r\u00e9 par votre navigateur et peut contenir un num\u00e9ro al\u00e9atoire unique.<\/p><p>Lorsque mRT fait r\u00e9f\u00e9rence aux \u00ab cookies \u00bb, cela peut inclure des cookies ou des technologies similaires bas\u00e9es sur l'acc\u00e8s \u00e0 l'appareil que vous utilisez (ordinateur, tablette, smartphone) lorsque vous consultez nos sites web. Des tiers, tels que nos partenaires et prestataires de services, peuvent utiliser des cookies et des technologies similaires dans le cadre de nos services.<\/p><p>Pendant toute sa dur\u00e9e de vie, un cookie permet \u00e0 mRT ou \u00e0 ses partenaires, en tant qu'\u00e9metteurs de cookies, de reconna\u00eetre votre appareil chaque fois qu'il acc\u00e8de \u00e0 un contenu num\u00e9rique contenant des cookies provenant du m\u00eame \u00e9metteur.<\/p>\t\t\t\t\t\t\t\t<\/div>\n\t\t\t\t<div class=\"elementor-element elementor-element-c1c837a elementor-widget elementor-widget-heading\" data-id=\"c1c837a\" data-element_type=\"widget\" data-e-type=\"widget\" data-widget_type=\"heading.default\">\n\t\t\t\t\t<h2 class=\"elementor-heading-title elementor-size-default\">4.\u202f\u202f\u202fAutres politiques que nous vous recommandons de consulter <\/h2>\t\t\t\t<\/div>\n\t\t\t\t<div class=\"elementor-element elementor-element-8e94d9f m-0 elementor-widget elementor-widget-text-editor\" data-id=\"8e94d9f\" data-element_type=\"widget\" data-e-type=\"widget\" data-widget_type=\"text-editor.default\">\n\t\t\t\t\t\t\t\t\t<p class=\"translation-block\">Certaines informations issues des cookies ne permettent pas de vous identifier, ni directement ni indirectement, et ne constituent pas des donn\u00e9es \u00e0 caract\u00e8re personnel. D'autres informations peuvent permettre de vous identifier et peuvent constituer des donn\u00e9es \u00e0 caract\u00e8re personnel ; \u00e0 ce titre, elles sont soumises \u00e0 la r\u00e9glementation en mati\u00e8re de protection des donn\u00e9es. Pour plus d'informations sur la mani\u00e8re dont nous utilisons, stockons et s\u00e9curisons vos donn\u00e9es \u00e0 caract\u00e8re personnel, ainsi que sur vos droits, nous vous recommandons de consulter notre <a href=\"\/fr\/privacy-policy\/\" target=\"_self\">politique de confidentialit\u00e9<\/a> et les politiques de protection des donn\u00e9es de nos partenaires, disponibles via la solution de gestion des cookies.<\/p>\t\t\t\t\t\t\t\t<\/div>\n\t\t\t\t<div class=\"elementor-element elementor-element-7147b9d elementor-widget elementor-widget-heading\" data-id=\"7147b9d\" data-element_type=\"widget\" data-e-type=\"widget\" data-widget_type=\"heading.default\">\n\t\t\t\t\t<h2 class=\"elementor-heading-title elementor-size-default\">5. Pourquoi mRT utilise-t-il des cookies ? <\/h2>\t\t\t\t<\/div>\n\t\t\t\t<div class=\"elementor-element elementor-element-f23e554 m-0 elementor-widget elementor-widget-text-editor\" data-id=\"f23e554\" data-element_type=\"widget\" data-e-type=\"widget\" data-widget_type=\"text-editor.default\">\n\t\t\t\t\t\t\t\t\t<p>mRT cherche en permanence de nouveaux moyens d'am\u00e9liorer son ou ses sites web et de vous offrir, \u00e0 vous, internaute, une meilleure exp\u00e9rience et un service de meilleure qualit\u00e9. mRT et ses partenaires utilisent donc diff\u00e9rents types de cookies, comme indiqu\u00e9 ci-dessous. Conform\u00e9ment \u00e0 la r\u00e9glementation, certaines cat\u00e9gories de cookies (les cookies publicitaires) n\u00e9cessitent votre consentement pr\u00e9alable avant que le cookie ne soit install\u00e9 ou lu sur votre appareil. \u202f<\/p><p>Quoi qu'il en soit, ces cookies rel\u00e8vent de votre contr\u00f4le. C'est pourquoi vous avez la possibilit\u00e9 de les refuser, de les configurer ou de les supprimer.<\/p>\t\t\t\t\t\t\t\t<\/div>\n\t\t\t\t<div class=\"elementor-element elementor-element-1264241 elementor-widget elementor-widget-heading\" data-id=\"1264241\" data-element_type=\"widget\" data-e-type=\"widget\" data-widget_type=\"heading.default\">\n\t\t\t\t\t<h2 class=\"elementor-heading-title elementor-size-default\">6. Comment mRT vous informe-t-il des cookies qu'il utilise ? <\/h2>\t\t\t\t<\/div>\n\t\t\t\t<div class=\"elementor-element elementor-element-803f58d m-0 elementor-widget elementor-widget-text-editor\" data-id=\"803f58d\" data-element_type=\"widget\" data-e-type=\"widget\" data-widget_type=\"text-editor.default\">\n\t\t\t\t\t\t\t\t\t<p>Lorsque vous consultez les sites web de mRT, l'outil de gestion des cookies vous redirige vers cette page, qui fournit toutes les informations n\u00e9cessaires sur les cookies utilis\u00e9s. Cette politique en mati\u00e8re de cookies est disponible sous l'onglet \u00ab Cookies \u00bb situ\u00e9 en bas de notre site web.<\/p>\t\t\t\t\t\t\t\t<\/div>\n\t\t\t\t<div class=\"elementor-element elementor-element-ccd7477 elementor-widget elementor-widget-heading\" data-id=\"ccd7477\" data-element_type=\"widget\" data-e-type=\"widget\" data-widget_type=\"heading.default\">\n\t\t\t\t\t<h2 class=\"elementor-heading-title elementor-size-default\">7. Comment pouvez-vous refuser et\/ou supprimer ces cookies ? <\/h2>\t\t\t\t<\/div>\n\t\t\t\t<div class=\"elementor-element elementor-element-e230510 m-0 elementor-widget elementor-widget-text-editor\" data-id=\"e230510\" data-element_type=\"widget\" data-e-type=\"widget\" data-widget_type=\"text-editor.default\">\n\t\t\t\t\t\t\t\t\t<p><strong>a.\u202f\u202f\u202fCommandes du navigateur<\/strong><\/p><p>La plupart des navigateurs vous permettent de g\u00e9rer les cookies via leurs param\u00e8tres, que vous pouvez configurer pour indiquer votre consentement \u00e0 l'utilisation des cookies. De plus, la plupart des navigateurs vous permettent \u00e9galement de consulter et de supprimer les cookies. Pour plus d'informations sur les param\u00e8tres de votre navigateur, veuillez consulter la documentation fournie par son \u00e9diteur.<\/p><p>Pour en savoir plus sur la configuration des cookies, veuillez consulter le site web suivant : <a href=\"https:\/\/www.youronlinechoices.com\">www.youronlinechoices.com\u202f<\/a><\/p><p>\u00a0<\/p><p><strong>b.\u202f\u202f \u202fG\u00e9rez vos pr\u00e9f\u00e9rences \u00e0 l'aide d'un outil de gestion des cookies<\/strong><\/p><p>mRT propose une solution de gestion des pr\u00e9f\u00e9rences en mati\u00e8re de cookies permettant de g\u00e9rer le consentement des utilisateurs concernant les cookies sur nos sites web ou nos applications. Cette solution permet la collecte, le stockage et la transmission du consentement des utilisateurs \u00e0 mRT et aux partenaires concern\u00e9s.<\/p><p>Lors de votre visite sur notre site, ce tableau de bord vous permet d'indiquer votre choix. Vous pouvez accepter, configurer ou refuser les cookies, ou consulter notre politique en mati\u00e8re de cookies en cliquant sur les boutons disponibles dans la solution de gestion des cookies.<\/p><p>Vous pouvez indiquer vos pr\u00e9f\u00e9rences de mani\u00e8re g\u00e9n\u00e9rale, en fonction de chaque finalit\u00e9, ou encore par cat\u00e9gorie de partenaires (fournisseurs). Vous avez \u00e9galement acc\u00e8s aux politiques de protection des donn\u00e9es de tous les partenaires.<\/p><p>Vous \u00eates libre d'accepter ou de refuser les cookies, mais veuillez noter que leur refus peut nuire \u00e0 la fluidit\u00e9 de votre navigation sur notre site web et r\u00e9duire la pertinence de son contenu \u00e0 votre \u00e9gard.<\/p><p>Le consentement donn\u00e9 est valable jusqu'\u00e0 la date d'expiration du cookie correspondant \u00e0 sa finalit\u00e9 et pendant la dur\u00e9e pr\u00e9vue par la loi. Si vous refusez les cookies, mRT respectera \u00e9galement votre choix dans la mesure du possible et ne vous pr\u00e9sentera plus la solution de gestion des cookies pendant une p\u00e9riode d\u00e9termin\u00e9e.<\/p><p>\u00c0 l'issue de cette p\u00e9riode de conservation, ou si vous supprimez le cookie correspondant au param\u00e8tre que vous avez choisi, l'outil de gestion des cookies s'affichera \u00e0 nouveau.<\/p><p>\u00c0 tout moment, quel que soit votre choix initial, vous pouvez retirer votre consentement ou modifier vos param\u00e8tres \u00e0 l'aide de l'outil de gestion des cookies.<\/p>\t\t\t\t\t\t\t\t<\/div>\n\t\t\t\t<div class=\"elementor-element elementor-element-99abeba elementor-widget elementor-widget-heading\" data-id=\"99abeba\" data-element_type=\"widget\" data-e-type=\"widget\" data-widget_type=\"heading.default\">\n\t\t\t\t\t<h2 class=\"elementor-heading-title elementor-size-default\">8. Quels types de cookies mRT utilise-t-il ? <\/h2>\t\t\t\t<\/div>\n\t\t\t\t<div class=\"elementor-element elementor-element-89a4063 m-0 elementor-widget elementor-widget-text-editor\" data-id=\"89a4063\" data-element_type=\"widget\" data-e-type=\"widget\" data-widget_type=\"text-editor.default\">\n\t\t\t\t\t\t\t\t\t<p>Un cookie peut \u00eatre class\u00e9 de diff\u00e9rentes mani\u00e8res.<\/p>\n<p>En termes de dur\u00e9e de vie, un cookie peut \u00eatre :<\/p>\n<ul>\n<li>Un cookie de session, qui est supprim\u00e9 lorsque l'utilisateur ferme son navigateur.<\/li>\n<li>Un cookie persistant qui reste sur l'ordinateur ou l'appareil de l'utilisateur pendant une p\u00e9riode pr\u00e9d\u00e9finie, conform\u00e9ment \u00e0 la dur\u00e9e qui lui a \u00e9t\u00e9 attribu\u00e9e et aux param\u00e8tres de votre navigateur web. Dans ce cas, la dur\u00e9e de vie d'un cookie ne peut exc\u00e9der 12 mois \u00e0 compter de sa cr\u00e9ation.<\/li>\n<\/ul>\n<p>Selon le domaine auquel ils appartiennent, ils sont soit :<\/p>\n<ul>\n<li>Les cookies propri\u00e9taires, qui sont plac\u00e9s par le serveur web de la page que vous consultez et qui partagent le m\u00eame domaine ; dans ce cas, mRT ou ses sous-traitants.<\/li>\n<li>Les cookies tiers, qui sont stock\u00e9s par un domaine autre que celui de la page que vous consultez. Ils sont install\u00e9s par un tiers, tel qu'un partenaire agr\u00e9\u00e9 par mRT (par exemple, une agence de publicit\u00e9). Lorsque ces partenaires tiers utilisent des cookies, ils sont responsables des cookies qu'ils utilisent. Nous vous invitons \u00e0 consulter leurs politiques de protection des donn\u00e9es via notre solution de gestion des cookies. Vous pouvez \u00e9galement utiliser leurs propres outils de gestion des cookies pour d\u00e9finir vos pr\u00e9f\u00e9rences.<\/li>\n<\/ul>\n<p>Outre ces caract\u00e9ristiques techniques, les cookies peuvent servir \u00e0 diverses fins. Veuillez noter que les noms de ces cat\u00e9gories peuvent varier d'une organisation \u00e0 l'autre. Afin de faciliter leur compr\u00e9hension, mRT les a class\u00e9s comme suit.<\/p><p><br><\/p>\n<p><strong>Cookies strictement n\u00e9cessaires <\/strong><\/p>\n<p>Les cookies strictement n\u00e9cessaires sont indispensables, car le bon fonctionnement du site web en d\u00e9pend. Leur d\u00e9sactivation entra\u00eenera des difficult\u00e9s importantes lors de l'utilisation du site, voire rendra impossible l'acc\u00e8s aux services qu'il propose. Ces cookies remplissent plusieurs fonctions. Par exemple, ils permettent l'identification des terminaux afin d'envoyer des communications, d'attribuer des num\u00e9ros aux \u00ab paquets \u00bb de donn\u00e9es pour qu'ils puissent \u00eatre envoy\u00e9s dans l'ordre requis et de d\u00e9tecter les erreurs de transmission ou les pertes de donn\u00e9es, de stocker le contenu d'un panier pendant la session, de personnaliser l'interface utilisateur (langue, mise en page du service) ou encore d'authentifier un service.<\/p>\n<p>Ces cookies enregistrent \u00e9galement les choix effectu\u00e9s par les utilisateurs concernant leurs pr\u00e9f\u00e9rences en mati\u00e8re de cookies, afin qu'on ne leur demande plus de les confirmer pendant une p\u00e9riode d\u00e9termin\u00e9e.<\/p>\n<p>Ces cookies sont fond\u00e9s sur l'int\u00e9r\u00eat l\u00e9gitime de mRT. \u00c9tant donn\u00e9 qu'ils sont strictement n\u00e9cessaires \u00e0 votre navigation, votre consentement pr\u00e9alable n'est pas requis. Ces cookies NE SONT PAS g\u00e9r\u00e9s par notre solution de gestion des cookies.<\/p><p><br><\/p>\n<p><strong>Cookies fonctionnels<\/strong><\/p>\n<p>Les cookies fonctionnels servent \u00e0 am\u00e9liorer votre exp\u00e9rience de navigation. Ils m\u00e9morisent vos choix (par exemple, votre nom d'utilisateur ou vos pr\u00e9f\u00e9rences d'itin\u00e9raire) et vous offrent des services personnalis\u00e9s. Gr\u00e2ce \u00e0 ces cookies, vous n'avez pas besoin de saisir \u00e0 nouveau certaines informations \u00e0 chaque fois que vous vous connectez \u00e0 notre site web ou \u00e0 notre application. Ces cookies peuvent m\u00e9moriser les modifications que vous avez apport\u00e9es \u00e0 la taille du texte, \u00e0 la police ou \u00e0 d'autres \u00e9l\u00e9ments personnalisables des pages web.<\/p>\n<p>Les cookies fonctionnels ne seront pas utilis\u00e9s pour vous envoyer des publicit\u00e9s sur notre site ou sur d'autres sites web.<\/p>\n<p>Vous \u00eates libre de les accepter ou de les refuser, mais le fait de les bloquer peut emp\u00eacher la m\u00e9morisation de vos choix de services pr\u00e9c\u00e9dents.<\/p><p><br><\/p>\n<p><strong>Cookies d'analyse et de mesure d'audience<\/strong><\/p>\n<p>Les cookies de mesure d'audience permettent de reconna\u00eetre les visiteurs du site web lors de leurs diff\u00e9rentes visites. Ces cookies enregistrent uniquement l'identifiant de l'internaute (qui est unique \u00e0 chaque cookie) et ne sont en aucun cas utilis\u00e9s pour collecter des informations permettant d'identifier personnellement les visiteurs. Les donn\u00e9es collect\u00e9es permettent de fournir des donn\u00e9es statistiques anonymes sur les visites (nombre de visiteurs et de pages consult\u00e9es, fr\u00e9quence des visites, dur\u00e9e de chaque visite et messages d'erreur rencontr\u00e9s, etc.). Elles contribuent \u00e0 am\u00e9liorer les performances des sites web de mRT.\u202f<\/p>\n<p>Des cookies d'analyse peuvent \u00eatre install\u00e9s et g\u00e9r\u00e9s par des partenaires.<\/p>\n<p>Vous \u00eates libre de les accepter ou de les refuser, mais si vous les bloquez, mRT disposera de moins d'informations pour am\u00e9liorer son site web.<\/p>\n<p>Ces cookies sont utilis\u00e9s sur la base de votre consentement pr\u00e9alable.\u202f<\/p><p><br><\/p>\n<p><strong>Cookies g\u00e9n\u00e9r\u00e9s par les boutons de partage sur les r\u00e9seaux sociaux<\/strong><\/p>\n<p>mRT utilise ce que l'on appelle des \u00ab plugins sociaux \u00bb (modules compl\u00e9mentaires) (ci-apr\u00e8s d\u00e9nomm\u00e9s \u00ab boutons \u00bb) qui renvoient vers des r\u00e9seaux sociaux tels que LinkedIn.<\/p>\n<p>Lorsque vous visitez notre site web, ces boutons sont d\u00e9sactiv\u00e9s par d\u00e9faut, ce qui signifie qu'ils n'envoient aucune information aux r\u00e9seaux sociaux concern\u00e9s tant que vous n'effectuez aucune action. Vous devez cliquer dessus pour les activer avant de pouvoir les utiliser. Ces boutons restent actifs jusqu'\u00e0 ce que vous les d\u00e9sactiviez \u00e0 nouveau ou que vous supprimiez vos cookies. Une fois activ\u00e9s, le syst\u00e8me se connecte directement au serveur du r\u00e9seau social s\u00e9lectionn\u00e9. Le contenu du bouton est alors transf\u00e9r\u00e9 directement depuis les r\u00e9seaux sociaux vers votre navigateur web, qui l'int\u00e8gre au site web que vous \u00eates en train de consulter.<\/p>\n<p>D\u00e8s que vous cliquez sur un bouton, la plateforme de r\u00e9seau social concern\u00e9e peut collecter des donn\u00e9es, que vous utilisiez ou non ce bouton. Si vous \u00eates connect\u00e9 \u00e0 une plateforme de r\u00e9seau social, celle-ci peut associer votre visite sur ce site web \u00e0 votre compte utilisateur. Les visites sur d'autres sites web de mRT ne seront associ\u00e9es que si vous avez \u00e9galement cliqu\u00e9 sur le bouton correspondant sur ces sites.<\/p>\n<p>Si vous \u00eates membre d'un r\u00e9seau social et que vous ne souhaitez pas que celui-ci associe les donn\u00e9es collect\u00e9es lors de votre visite sur notre site web aux informations que vous avez fournies lors de votre inscription sur ce r\u00e9seau, vous devez vous d\u00e9connecter du r\u00e9seau social concern\u00e9 avant d'activer ces boutons.<\/p>\n<p>Veuillez noter que nous n'avons aucun contr\u00f4le sur l'\u00e9tendue des donn\u00e9es collect\u00e9es par les plateformes de r\u00e9seaux sociaux via ces boutons. Pour plus d'informations sur l'\u00e9tendue et la finalit\u00e9 de la collecte de donn\u00e9es, sur la mani\u00e8re dont ces donn\u00e9es sont trait\u00e9es et utilis\u00e9es, ainsi que sur vos droits et les options de param\u00e9trage permettant de prot\u00e9ger votre vie priv\u00e9e, veuillez vous reporter \u00e0 la politique de confidentialit\u00e9 publi\u00e9e par les plateformes de r\u00e9seaux sociaux concern\u00e9es.<\/p>\n<p>Ces cookies sont utilis\u00e9s sur la base de votre consentement pr\u00e9alable.\u202f<\/p>\t\t\t\t\t\t\t\t<\/div>\n\t\t\t\t\t<\/div>\n\t\t\t\t<\/div>\n\t\t\t\t<\/div>","protected":false},"excerpt":{"rendered":"<p>Cookies Policy Overview Michelin Recherche et Technique SA (mRT) is committed to protecting your personal information and to being clear and transparent about the type of information we collect and how we use it. When you use our website or applications provided by mRT, information may be collected via cookies to distinguish you from other [&hellip;]<\/p>\n","protected":false},"author":1,"featured_media":0,"parent":0,"menu_order":0,"comment_status":"closed","ping_status":"closed","template":"elementor_header_footer","meta":{"_acf_changed":false,"footnotes":""},"class_list":["post-1975","page","type-page","status-publish","hentry"],"acf":[],"_links":{"self":[{"href":"https:\/\/mrt-sa.ch\/fr\/wp-json\/wp\/v2\/pages\/1975","targetHints":{"allow":["GET"]}}],"collection":[{"href":"https:\/\/mrt-sa.ch\/fr\/wp-json\/wp\/v2\/pages"}],"about":[{"href":"https:\/\/mrt-sa.ch\/fr\/wp-json\/wp\/v2\/types\/page"}],"author":[{"embeddable":true,"href":"https:\/\/mrt-sa.ch\/fr\/wp-json\/wp\/v2\/users\/1"}],"replies":[{"embeddable":true,"href":"https:\/\/mrt-sa.ch\/fr\/wp-json\/wp\/v2\/comments?post=1975"}],"version-history":[{"count":13,"href":"https:\/\/mrt-sa.ch\/fr\/wp-json\/wp\/v2\/pages\/1975\/revisions"}],"predecessor-version":[{"id":1990,"href":"https:\/\/mrt-sa.ch\/fr\/wp-json\/wp\/v2\/pages\/1975\/revisions\/1990"}],"wp:attachment":[{"href":"https:\/\/mrt-sa.ch\/fr\/wp-json\/wp\/v2\/media?parent=1975"}],"curies":[{"name":"wp","href":"https:\/\/api.w.org\/{rel}","templated":true}]}}